{"id":7598,"date":"2024-05-25T22:15:04","date_gmt":"2024-05-25T22:15:04","guid":{"rendered":"https:\/\/diocesisdelinares.com\/100\/?page_id=7598"},"modified":"2024-05-25T22:26:54","modified_gmt":"2024-05-25T22:26:54","slug":"putu","status":"publish","type":"page","link":"https:\/\/diocesisdelinares.com\/100\/putu\/","title":{"rendered":"Parroquia Put\u00fa"},"content":{"rendered":"<div data-colibri-id=\"7598-c1\" class=\"style-3230 style-local-7598-c1 position-relative\">\n  <!---->\n  <div data-colibri-component=\"section\" data-colibri-id=\"7598-c2\" id=\"about\" class=\"h-section h-section-global-spacing d-flex align-items-lg-center align-items-md-center align-items-center style-3231 style-local-7598-c2 position-relative\">\n    <!---->\n    <!---->\n    <div class=\"h-section-grid-container h-section-boxed-container\">\n      <!---->\n      <div data-colibri-id=\"7598-c3\" class=\"h-row-container gutters-row-lg-2 gutters-row-md-2 gutters-row-2 gutters-row-v-lg-2 gutters-row-v-md-2 gutters-row-v-2 style-3232 style-local-7598-c3 position-relative\">\n        <!---->\n        <div class=\"h-row justify-content-lg-center justify-content-md-center justify-content-center align-items-lg-stretch align-items-md-stretch align-items-stretch gutters-col-lg-2 gutters-col-md-2 gutters-col-2 gutters-col-v-lg-2 gutters-col-v-md-2 gutters-col-v-2\">\n          <!---->\n          <div class=\"h-column h-column-container d-flex h-col-lg-auto h-col-md-auto h-col-auto style-3233-outer style-local-7598-c4-outer\">\n            <div data-colibri-id=\"7598-c4\" class=\"d-flex h-flex-basis h-column__inner h-px-lg-2 h-px-md-2 h-px-2 v-inner-lg-2 v-inner-md-2 v-inner-2 style-3233 style-local-7598-c4 position-relative\">\n              <!---->\n              <!---->\n              <div class=\"w-100 h-y-container h-column__content h-column__v-align flex-basis-100 align-self-lg-center align-self-md-center align-self-center\">\n                <!---->\n                <div data-colibri-id=\"7598-c5\" class=\"h-global-transition-all h-heading style-3234 style-local-7598-c5 position-relative h-element\">\n                  <!---->\n                  <div class=\"h-heading__outer style-3234 style-local-7598-c5\">\n                    <!---->\n                    <!---->\n                    <a href=\"https:\/\/app.lapentor.com\/sphere\/parroquia-maria-auxiliadora-salesianos-linares\" target=\"_blank\" h-use-smooth-scroll=\"true\" rel=\"noopener\">\n                      <h5 class=\"\">Parroquia nuestra se\u00f1ora del tr\u00e1nsito, put\u00fa<\/h5>\n                    <\/a>\n                  <\/div>\n                <\/div>\n                <div data-colibri-id=\"7598-c6\" class=\"h-global-transition-all h-heading style-3235 style-local-7598-c6 position-relative h-element\">\n                  <!---->\n                  <div class=\"h-heading__outer style-3235 style-local-7598-c6\">\n                    <!---->\n                    <!---->\n                    <h2 class=\"\">Cada \u00edcono lleva a la&nbsp;<em style=\"color: rgb(247, 144, 7); font-family: &quot;Playfair Display&quot;;\">historia<\/em> y los&nbsp;&nbsp;<em style=\"color: rgb(247, 144, 7); font-family: &quot;Playfair Display&quot;;\">detalles<\/em>                      de la im\u00e1gen o espacio seleccionado<\/h2>\n                  <\/div>\n                <\/div>\n                <div data-colibri-id=\"7598-c7\" class=\"h-text h-text-component style-3236 style-local-7598-c7 position-relative h-element\">\n                  <!---->\n                  <!---->\n                  <div class=\"\">\n                    <p>La Parroquia Nuestra Se\u00f1ora del Tr\u00e1nsito de Put\u00fa,&nbsp;fue fundada&nbsp;el 15 de enero&nbsp; de 1787.<\/p>\n                    <p><span style=\"color: rgb(3, 3, 3); font-weight: 400;\">Historia Anterior: <\/span><\/p>\n                    <p>\u201cPut\u00fa\u201d es una voz de origen araucano que significa mojado, h\u00famedo, que dio el nombre al conocido humedal y arenal del sector, por lo que el poblado se form\u00f3 a 5 kms. al oriente del mar.<\/p>\n                    <p>Con el terremoto del 27 de febrero de 2010, la iglesia se ve seriamente da\u00f1ada, quedando en condici\u00f3n de demolici\u00f3n, sin embargo, la comunidad de Put\u00fa logr\u00f3 restaurar el templo, manteniendo principalmente la fachada de su antigua estructura.<\/p>\n                  <\/div>\n                <\/div>\n                <div data-colibri-id=\"7598-c8\" class=\"style-3237 style-local-7598-c8 position-relative h-element\">\n                  <!---->\n                  <div class=\"\"><iframe style=\"border-radius:12px\" src=\"https:\/\/open.spotify.com\/embed\/episode\/5imA5fe8qwE1ghK4ly0dpO?utm_source=generator\" width=\"100%\" height=\"352\" frameBorder=\"0\" allowfullscreen=\"\" allow=\"autoplay; clipboard-write; encrypted-media; fullscreen; picture-in-picture\" loading=\"lazy\"><\/iframe><\/div>\n                <\/div>\n                <div data-colibri-id=\"7598-c9\" class=\"h-x-container style-3238 style-local-7598-c9 position-relative h-element\">\n                  <!---->\n                  <div class=\"h-x-container-inner style-dynamic-7598-c9-group style-3238-spacing style-local-7598-c9-spacing\"><span class=\"h-button__outer style-3239-outer style-local-7598-c10-outer d-inline-flex h-element\"><a h-use-smooth-scroll=\"true\" href=\"https:\/\/app.lapentor.com\/sphere\/parroquia-nuestra-senora-del-transito-putu\" target=\"_blank\" data-colibri-id=\"7598-c10\" class=\"d-flex w-100 align-items-center h-button justify-content-lg-center justify-content-md-center justify-content-center style-3239 style-local-7598-c10 position-relative\" rel=\"noopener\"><!----><!----> <span>Iniciar Recorrido Virtual pntalla completa<\/span><\/a>\n                    <\/span>\n                  <\/div>\n                <\/div>\n              <\/div>\n            <\/div>\n          <\/div>\n          <div class=\"h-column h-column-container d-flex h-col-lg-auto h-col-md-auto h-col-auto style-3240-outer style-local-7598-c11-outer\">\n            <div data-colibri-id=\"7598-c11\" class=\"d-flex h-flex-basis h-column__inner h-px-lg-2 h-px-md-2 h-px-2 v-inner-lg-2 v-inner-md-2 v-inner-2 style-3240 style-local-7598-c11 position-relative\">\n              <!---->\n              <!---->\n              <div class=\"w-100 h-y-container h-column__content h-column__v-align flex-basis-100 align-self-lg-center align-self-md-center align-self-center\">\n                <!---->\n                <div data-colibri-id=\"7598-c12\" class=\"style-3241 style-local-7598-c12 position-relative h-element\">\n                  <!---->\n                  <div class=\"\"><iframe loading=\"lazy\" src=\"https:\/\/app.lapentor.com\/sphere\/parroquia-nuestra-senora-del-transito-putu\" frameborder=\"0\" width=\"100%\" height=\"400px\" scrolling=\"no\" allow=\"vr,gyroscope,accelerometer\" allowfullscreen=\"true\" webkitallowfullscreen=\"true\" mozallowfullscreen=\"true\" oallowfullscreen=\"true\" msallowfullscreen=\"true\"><\/iframe><\/div>\n                <\/div>\n              <\/div>\n            <\/div>\n          <\/div>\n        <\/div>\n      <\/div>\n      <div data-colibri-id=\"7598-c19\" class=\"h-row-container gutters-row-lg-2 gutters-row-md-2 gutters-row-0 gutters-row-v-lg-2 gutters-row-v-md-2 gutters-row-v-2 style-3248 style-local-7598-c19 position-relative\">\n        <!---->\n        <div class=\"h-row justify-content-lg-center justify-content-md-center justify-content-center align-items-lg-stretch align-items-md-stretch align-items-stretch gutters-col-lg-2 gutters-col-md-2 gutters-col-0 gutters-col-v-lg-2 gutters-col-v-md-2 gutters-col-v-2\">\n          <!---->\n          <div class=\"h-column h-column-container d-flex h-col-lg-auto h-col-md-auto h-col-auto style-3249-outer style-local-7598-c20-outer\">\n            <div data-colibri-id=\"7598-c20\" class=\"d-flex h-flex-basis h-column__inner h-px-lg-2 h-px-md-2 h-px-2 v-inner-lg-2 v-inner-md-2 v-inner-2 style-3249 style-local-7598-c20 position-relative\">\n              <!---->\n              <!---->\n              <div class=\"w-100 h-y-container h-column__content h-column__v-align flex-basis-100 align-self-lg-start align-self-md-start align-self-start\">\n                <!---->\n                <div data-colibri-id=\"7598-c21\" class=\"h-text h-text-component style-3250 style-local-7598-c21 position-relative h-element\">\n                  <!---->\n                  <!---->\n                  <div class=\"\">\n                    <p>El templo Nuestra Se\u00f1ora del Tr\u00e1nsito de Put\u00fa tiene antiguos or\u00edgenes, se dice que en \u00e9sta estuvo de paso Pedro de Valdivia. La parroquia de Put\u00fa fue erigida en 1787 y la iglesia azotada por terremotos y temporales fue reconstruida\n                      por el padre Jos\u00e9 Antonio Rojas. En 1803, cuando se consolida el poblado de Constituci\u00f3n, Put\u00fa comienza a depender m\u00e1s de \u00e9ste que de Curepto, que se ubica a m\u00e1s del doble de distancia.<\/p>\n                    <p>Edificada a mediados del 1800, termin\u00f3 siendo destruida por el terremoto del 1 de diciembre de 1928, el que dej\u00f3 tambi\u00e9n las casas del poblado totalmente inhabitables. Aunque no se han encontrado datos exactos, se estima que el 16\n                      de noviembre de 1930, con la fiesta religiosa organizada por la Asociaci\u00f3n de la Juventud Cat\u00f3lica Femenina y la bendici\u00f3n de la imagen de la Virgen de la Pur\u00edsima, se dio por inaugurada la nueva iglesia. En 1925, la parroquia de\n                      Put\u00fa pas\u00f3 a depender de la nueva Di\u00f3cesis de Linares, creada el d\u00eda 18 de octubre.<\/p>\n                    <p>En 1963, la Di\u00f3cesis de Linares anexa territorios de los obispados de Chill\u00e1n y Talca, creando entre otros, el Decanato San Jos\u00e9 de Constituci\u00f3n, al que se une la parroquia de Put\u00fa. Con el terremoto del 27 de febrero de 2010, este\n                      templo se ve seriamente da\u00f1ado, sin embargo, la comunidad de Put\u00fa logr\u00f3 restaurarlo, manteniendo principalmente la fachada de su antigua estructura.<\/p>\n                    <p>\n                      <br>\n                    <\/p>\n                  <\/div>\n                <\/div>\n              <\/div>\n            <\/div>\n          <\/div>\n        <\/div>\n      <\/div>\n    <\/div>\n  <\/div>\n<\/div>","protected":false},"excerpt":{"rendered":"<p>Parroquia nuestra se\u00f1ora del tr\u00e1nsito, put\u00fa Cada \u00edcono lleva a la&nbsp;historia y los&nbsp;&nbsp;detalles de la im\u00e1gen o espacio seleccionado La Parroquia Nuestra Se\u00f1ora del Tr\u00e1nsito de Put\u00fa,&nbsp;fue fundada&nbsp;el 15 de enero&nbsp; de 1787. Historia Anterior: \u201cPut\u00fa\u201d es una voz de origen araucano que significa mojado, h\u00famedo, que dio el nombre al conocido humedal y arenal [&hellip;]<\/p>\n","protected":false},"author":1,"featured_media":0,"parent":0,"menu_order":0,"comment_status":"closed","ping_status":"closed","template":"page-templates\/full-width-page.php","meta":{"footnotes":""},"class_list":["post-7598","page","type-page","status-publish","hentry"],"_links":{"self":[{"href":"https:\/\/diocesisdelinares.com\/100\/wp-json\/wp\/v2\/pages\/7598","targetHints":{"allow":["GET"]}}],"collection":[{"href":"https:\/\/diocesisdelinares.com\/100\/wp-json\/wp\/v2\/pages"}],"about":[{"href":"https:\/\/diocesisdelinares.com\/100\/wp-json\/wp\/v2\/types\/page"}],"author":[{"embeddable":true,"href":"https:\/\/diocesisdelinares.com\/100\/wp-json\/wp\/v2\/users\/1"}],"replies":[{"embeddable":true,"href":"https:\/\/diocesisdelinares.com\/100\/wp-json\/wp\/v2\/comments?post=7598"}],"version-history":[{"count":6,"href":"https:\/\/diocesisdelinares.com\/100\/wp-json\/wp\/v2\/pages\/7598\/revisions"}],"predecessor-version":[{"id":7633,"href":"https:\/\/diocesisdelinares.com\/100\/wp-json\/wp\/v2\/pages\/7598\/revisions\/7633"}],"wp:attachment":[{"href":"https:\/\/diocesisdelinares.com\/100\/wp-json\/wp\/v2\/media?parent=7598"}],"curies":[{"name":"wp","href":"https:\/\/api.w.org\/{rel}","templated":true}]}}