{"id":7121,"date":"2023-12-14T12:26:07","date_gmt":"2023-12-14T12:26:07","guid":{"rendered":"https:\/\/diocesisdelinares.com\/100\/?page_id=7121"},"modified":"2025-07-15T15:06:39","modified_gmt":"2025-07-15T15:06:39","slug":"historia-de-las-comunidades","status":"publish","type":"page","link":"https:\/\/diocesisdelinares.com\/100\/historia-de-las-comunidades\/","title":{"rendered":"Historia de las Comunidades"},"content":{"rendered":"<div data-colibri-id=\"7121-c1\" class=\"style-2973 style-local-7121-c1 position-relative\">\n  <!---->\n  <div data-colibri-component=\"section\" data-colibri-id=\"7121-c2\" id=\"reusable-sections\" class=\"h-section h-section-global-spacing d-flex align-items-lg-center align-items-md-center align-items-center style-2974 style-local-7121-c2 position-relative\">\n    <!---->\n    <!---->\n    <div class=\"h-section-grid-container h-section-boxed-container\">\n      <!---->\n      <div data-colibri-id=\"7121-c3\" class=\"h-row-container gutters-row-lg-0 gutters-row-md-0 gutters-row-2 gutters-row-v-lg-0 gutters-row-v-md-0 gutters-row-v-2 style-2975 style-local-7121-c3 position-relative\">\n        <!---->\n        <div class=\"h-row justify-content-lg-center justify-content-md-center justify-content-center align-items-lg-stretch align-items-md-stretch align-items-stretch gutters-col-lg-0 gutters-col-md-0 gutters-col-2 gutters-col-v-lg-0 gutters-col-v-md-0 gutters-col-v-2\">\n          <!---->\n          <div class=\"h-column h-column-container d-flex h-col-lg-auto h-col-md-auto h-col-auto style-2976-outer style-local-7121-c4-outer\">\n            <div data-colibri-id=\"7121-c4\" class=\"d-flex h-flex-basis h-column__inner h-px-lg-2 h-px-md-2 h-px-2 v-inner-lg-2 v-inner-md-2 v-inner-2 style-2976 style-local-7121-c4 position-relative\">\n              <!---->\n              <!---->\n              <div class=\"w-100 h-y-container h-column__content h-column__v-align flex-basis-100 align-self-lg-start align-self-md-start align-self-start\">\n                <!---->\n                <div data-colibri-id=\"7121-c5\" class=\"h-row-container gutters-row-lg-0 gutters-row-md-0 gutters-row-0 gutters-row-v-lg-0 gutters-row-v-md-0 gutters-row-v-0 style-2977 style-local-7121-c5 position-relative\">\n                  <!---->\n                  <div class=\"h-row justify-content-lg-start justify-content-md-start justify-content-start align-items-lg-stretch align-items-md-stretch align-items-stretch gutters-col-lg-0 gutters-col-md-0 gutters-col-0 gutters-col-v-lg-0 gutters-col-v-md-0 gutters-col-v-0\">\n                    <!---->\n                    <div class=\"h-column h-column-container d-flex h-col-lg-auto h-col-md-auto h-col-auto style-2978-outer style-local-7121-c6-outer\">\n                      <div data-colibri-id=\"7121-c6\" class=\"d-flex h-flex-basis h-column__inner h-px-lg-0 h-px-md-0 h-px-0 v-inner-lg-2 v-inner-md-2 v-inner-2 style-2978 style-local-7121-c6 position-relative\">\n                        <!---->\n                        <!---->\n                        <div class=\"w-100 h-y-container h-column__content h-column__v-align flex-basis-100 align-self-lg-start align-self-md-start align-self-start\">\n                          <!---->\n                          <div data-colibri-id=\"7121-c7\" class=\"h-global-transition-all h-heading style-2979 style-local-7121-c7 position-relative h-element\">\n                            <!---->\n                            <div class=\"h-heading__outer style-2979 style-local-7121-c7\">\n                              <!---->\n                              <!---->\n                              <h5 class=\"\">Octubre 18 de 1925 &#8211; octubre 18 de 2025<\/h5>\n                            <\/div>\n                          <\/div>\n                          <div data-colibri-id=\"7121-c8\" class=\"h-global-transition-all h-heading style-2980 style-local-7121-c8 position-relative h-element\">\n                            <!---->\n                            <div class=\"h-heading__outer style-2980 style-local-7121-c8\">\n                              <!---->\n                              <!---->\n                              <h3 class=\"\">Herederos de una historia, continuadores de tradici\u00f3n<\/h3>\n                            <\/div>\n                          <\/div>\n                        <\/div>\n                      <\/div>\n                    <\/div>\n                  <\/div>\n                <\/div>\n              <\/div>\n            <\/div>\n          <\/div>\n        <\/div>\n      <\/div>\n      <div data-colibri-id=\"7121-c9\" class=\"h-row-container gutters-row-lg-2 gutters-row-md-2 gutters-row-0 gutters-row-v-lg-2 gutters-row-v-md-2 gutters-row-v-2 style-2984 style-local-7121-c9 position-relative\">\n        <!---->\n        <div class=\"h-row justify-content-lg-center justify-content-md-center justify-content-center align-items-lg-stretch align-items-md-stretch align-items-stretch gutters-col-lg-2 gutters-col-md-2 gutters-col-0 gutters-col-v-lg-2 gutters-col-v-md-2 gutters-col-v-2\">\n          <!---->\n          <div class=\"h-column h-column-container d-flex h-col-lg-auto h-col-md-auto h-col-auto style-2985-outer style-local-7121-c10-outer\">\n            <div data-colibri-id=\"7121-c10\" class=\"d-flex h-flex-basis h-column__inner h-px-lg-2 h-px-md-2 h-px-2 v-inner-lg-2 v-inner-md-2 v-inner-2 style-2985 style-local-7121-c10 position-relative\">\n              <!---->\n              <!---->\n              <div class=\"w-100 h-y-container h-column__content h-column__v-align flex-basis-100 align-self-lg-start align-self-md-start align-self-start\">\n                <!---->\n                <div data-colibri-id=\"7121-c11\" class=\"h-global-transition-all h-heading style-2986 style-local-7121-c11 position-relative h-element\">\n                  <!---->\n                  <div class=\"h-heading__outer style-2986 style-local-7121-c11\">\n                    <!---->\n                    <!---->\n                    <h6 class=\"\">Nuestra S. del Carmen de Copihue<\/h6>\n                  <\/div>\n                <\/div>\n                <div data-colibri-id=\"7121-c12\" class=\"d-block style-2987 style-local-7121-c12 position-relative h-element\">\n                  <!---->\n                  <div class=\"h-image__frame-container-outer\">\n                    <a href=\"https:\/\/diocesisdelinares.com\/100\/wp-content\/uploads\/2025\/07\/libro-fundacion-comunidad-cristiana-de-copihue.pdf\" target=\"_blank\" h-use-smooth-scroll=\"true\" class=\"image-link\">\n                      <div class=\"h-image__frame-container\">\n                        <!---->\n                        <!---->\n                        <img loading=\"lazy\" decoding=\"async\" width=\"1898\" height=\"2560\" src=\"https:\/\/diocesisdelinares.com\/100\/wp-content\/uploads\/2023\/12\/copihue-0001-scaled.jpg\" class=\"wp-image-7125 style-2987-image style-local-7121-c12-image\" alt=\"\" srcset=\"https:\/\/diocesisdelinares.com\/100\/wp-content\/uploads\/2023\/12\/copihue-0001-scaled.jpg 1898w, https:\/\/diocesisdelinares.com\/100\/wp-content\/uploads\/2023\/12\/copihue-0001-222x300.jpg 222w, https:\/\/diocesisdelinares.com\/100\/wp-content\/uploads\/2023\/12\/copihue-0001-759x1024.jpg 759w, https:\/\/diocesisdelinares.com\/100\/wp-content\/uploads\/2023\/12\/copihue-0001-768x1036.jpg 768w, https:\/\/diocesisdelinares.com\/100\/wp-content\/uploads\/2023\/12\/copihue-0001-1139x1536.jpg 1139w, https:\/\/diocesisdelinares.com\/100\/wp-content\/uploads\/2023\/12\/copihue-0001-1519x2048.jpg 1519w\" sizes=\"auto, (max-width: 1898px) 100vw, 1898px\" \/>\n                        <div class=\"h-image__frame h-hide-lg h-hide-md h-hide-sm style-2987-frameImage style-local-7121-c12-frameImage\"><\/div>\n                      <\/div>\n                    <\/a>\n                  <\/div>\n                <\/div>\n                <div data-colibri-id=\"7121-c13\" class=\"h-x-container style-2988 style-local-7121-c13 position-relative h-element\">\n                  <!---->\n                  <div class=\"h-x-container-inner style-dynamic-7121-c13-group style-2988-spacing style-local-7121-c13-spacing\"><span class=\"h-button__outer style-2989-outer style-local-7121-c14-outer d-inline-flex h-element\"><a h-use-smooth-scroll=\"true\" href=\"https:\/\/diocesisdelinares.com\/100\/wp-content\/uploads\/2025\/07\/libro-fundacion-comunidad-cristiana-de-copihue.pdf\" target=\"_blank\"  data-colibri-id=\"7121-c14\" class=\"d-flex w-100 align-items-center h-button justify-content-lg-center justify-content-md-center justify-content-center style-2989 style-local-7121-c14 position-relative\"><!----><!----> <span>Leer <\/span><\/a>\n                    <\/span>\n                  <\/div>\n                <\/div>\n              <\/div>\n            <\/div>\n          <\/div>\n          <div class=\"h-column h-column-container d-flex h-col-lg-auto h-col-md-auto h-col-auto style-2985-outer style-local-7121-c15-outer\">\n            <div data-colibri-id=\"7121-c15\" class=\"d-flex h-flex-basis h-column__inner h-px-lg-2 h-px-md-2 h-px-2 v-inner-lg-2 v-inner-md-2 v-inner-2 style-2985 style-local-7121-c15 position-relative\">\n              <!---->\n              <!---->\n              <div class=\"w-100 h-y-container h-column__content h-column__v-align flex-basis-100 align-self-lg-start align-self-md-start align-self-start\">\n                <!---->\n                <div data-colibri-id=\"7121-c16\" class=\"h-global-transition-all h-heading style-2986 style-local-7121-c16 position-relative h-element\">\n                  <!---->\n                  <div class=\"h-heading__outer style-2986 style-local-7121-c16\">\n                    <!---->\n                    <!---->\n                    <h6 class=\"\">cursillos de cristiandad<\/h6>\n                  <\/div>\n                <\/div>\n                <div data-colibri-id=\"7121-c17\" class=\"d-block style-3008 style-local-7121-c17 position-relative h-element\">\n                  <!---->\n                  <div class=\"h-image__frame-container-outer\">\n                    <a href=\"https:\/\/diocesisdelinares.com\/100\/wp-content\/uploads\/2023\/12\/Historia-de-los-Cursillos-de-Cristiandad.pdf\" target=\"_blank\" h-use-smooth-scroll=\"true\" class=\"image-link\">\n                      <div class=\"h-image__frame-container\">\n                        <!---->\n                        <!---->\n                        <img loading=\"lazy\" decoding=\"async\" width=\"1978\" height=\"2560\" src=\"https:\/\/diocesisdelinares.com\/100\/wp-content\/uploads\/2023\/12\/Historia-de-los-Cursillos-de-Cristiandad-0001-scaled.jpg\" class=\"wp-image-7177 style-3008-image style-local-7121-c17-image\" alt=\"\" srcset=\"https:\/\/diocesisdelinares.com\/100\/wp-content\/uploads\/2023\/12\/Historia-de-los-Cursillos-de-Cristiandad-0001-scaled.jpg 1978w, https:\/\/diocesisdelinares.com\/100\/wp-content\/uploads\/2023\/12\/Historia-de-los-Cursillos-de-Cristiandad-0001-232x300.jpg 232w, https:\/\/diocesisdelinares.com\/100\/wp-content\/uploads\/2023\/12\/Historia-de-los-Cursillos-de-Cristiandad-0001-791x1024.jpg 791w, https:\/\/diocesisdelinares.com\/100\/wp-content\/uploads\/2023\/12\/Historia-de-los-Cursillos-de-Cristiandad-0001-768x994.jpg 768w, https:\/\/diocesisdelinares.com\/100\/wp-content\/uploads\/2023\/12\/Historia-de-los-Cursillos-de-Cristiandad-0001-1187x1536.jpg 1187w, https:\/\/diocesisdelinares.com\/100\/wp-content\/uploads\/2023\/12\/Historia-de-los-Cursillos-de-Cristiandad-0001-1583x2048.jpg 1583w\" sizes=\"auto, (max-width: 1978px) 100vw, 1978px\" \/>\n                        <div class=\"h-image__frame h-hide-lg h-hide-md h-hide-sm style-3008-frameImage style-local-7121-c17-frameImage\"><\/div>\n                      <\/div>\n                    <\/a>\n                  <\/div>\n                <\/div>\n                <div data-colibri-id=\"7121-c18\" class=\"h-x-container style-3009 style-local-7121-c18 position-relative h-element\">\n                  <!---->\n                  <div class=\"h-x-container-inner style-dynamic-7121-c18-group style-3009-spacing style-local-7121-c18-spacing\"><span class=\"h-button__outer style-3010-outer style-local-7121-c19-outer d-inline-flex h-element\"><a h-use-smooth-scroll=\"true\" href=\"https:\/\/diocesisdelinares.com\/100\/wp-content\/uploads\/2023\/12\/Historia-de-los-Cursillos-de-Cristiandad.pdf\" target=\"_blank\"  data-colibri-id=\"7121-c19\" class=\"d-flex w-100 align-items-center h-button justify-content-lg-center justify-content-md-center justify-content-center style-3010 style-local-7121-c19 position-relative\"><!----><!----> <span>Leer<\/span><\/a>\n                    <\/span>\n                  <\/div>\n                <\/div>\n              <\/div>\n            <\/div>\n          <\/div>\n          <div class=\"h-column h-column-container d-flex h-col-lg-auto h-col-md-auto h-col-auto style-2985-outer style-local-7121-c20-outer\">\n            <div data-colibri-id=\"7121-c20\" class=\"d-flex h-flex-basis h-column__inner h-px-lg-2 h-px-md-2 h-px-2 v-inner-lg-2 v-inner-md-2 v-inner-2 style-2985 style-local-7121-c20 position-relative\">\n              <!---->\n              <!---->\n              <div class=\"w-100 h-y-container h-column__content h-column__v-align flex-basis-100 align-self-lg-start align-self-md-start align-self-start\">\n                <!---->\n                <div data-colibri-id=\"7121-c21\" class=\"h-global-transition-all h-heading style-2986 style-local-7121-c21 position-relative h-element\">\n                  <!---->\n                  <div class=\"h-heading__outer style-2986 style-local-7121-c21\">\n                    <!---->\n                    <!---->\n                    <h6 class=\"\"><\/h6>\n                  <\/div>\n                <\/div>\n              <\/div>\n            <\/div>\n          <\/div>\n          <div class=\"h-column h-column-container d-flex h-col-lg-auto h-col-md-auto h-col-auto style-2990-outer style-local-7121-c22-outer\">\n            <div data-colibri-id=\"7121-c22\" class=\"d-flex h-flex-basis h-column__inner h-px-lg-2 h-px-md-2 h-px-2 v-inner-lg-2 v-inner-md-2 v-inner-2 style-2990 style-local-7121-c22 position-relative\">\n              <!---->\n              <!---->\n              <div class=\"w-100 h-y-container h-column__content h-column__v-align flex-basis-100 align-self-lg-start align-self-md-start align-self-start\">\n                <!---->\n                <div data-colibri-id=\"7121-c23\" class=\"h-global-transition-all h-heading style-2986 style-local-7121-c23 position-relative h-element\">\n                  <!---->\n                  <div class=\"h-heading__outer style-2986 style-local-7121-c23\">\n                    <!---->\n                    <!---->\n                    <h6 class=\"\">El Culmen, linares<\/h6>\n                  <\/div>\n                <\/div>\n                <div data-colibri-component=\"video\" data-colibri-id=\"7121-c24\" class=\"d-block h-video d-block h-video style-2998 style-local-7121-c24 position-relative h-element\">\n                  <!---->\n                  <!---->\n                  <div class=\"video-container position-relative\">\n                    <div class=\"h-global-transition-all ratio-inner\"><iframe src=https:\/\/www.youtube.com\/embed\/Z-ZHNDgAM8s?autoplay=0&amp;mute=0&amp;modestbranding=0&amp;rel=0&amp;enablejsapi=1&amp; class='h-video-main'  allowfullscreen><\/iframe><\/div>\n                  <\/div>\n                <\/div>\n                <div data-colibri-id=\"7121-c26\" class=\"h-x-container style-2992 style-local-7121-c26 position-relative h-element\">\n                  <!---->\n                  <div class=\"h-x-container-inner style-dynamic-7121-c26-group style-2992-spacing style-local-7121-c26-spacing\"><span class=\"h-button__outer style-2993-outer style-local-7121-c27-outer d-inline-flex h-element\"><a h-use-smooth-scroll=\"true\" href=\"https:\/\/youtu.be\/Z-ZHNDgAM8s\" target=\"_blank\"  data-colibri-id=\"7121-c27\" class=\"d-flex w-100 align-items-center h-button justify-content-lg-center justify-content-md-center justify-content-center style-2993 style-local-7121-c27 position-relative\"><!----><!----> <span>Saber M\u00e1s<\/span><\/a>\n                    <\/span>\n                  <\/div>\n                <\/div>\n              <\/div>\n            <\/div>\n          <\/div>\n          <div class=\"h-column h-column-container d-flex h-col-lg-auto h-col-md-auto h-col-auto style-2990-outer style-local-7121-c28-outer\">\n            <div data-colibri-id=\"7121-c28\" class=\"d-flex h-flex-basis h-column__inner h-px-lg-2 h-px-md-2 h-px-2 v-inner-lg-2 v-inner-md-2 v-inner-2 style-2990 style-local-7121-c28 position-relative\">\n              <!---->\n              <!---->\n              <div class=\"w-100 h-y-container h-column__content h-column__v-align flex-basis-100 align-self-lg-start align-self-md-start align-self-start\">\n                <!---->\n                <div data-colibri-id=\"7121-c29\" class=\"h-global-transition-all h-heading style-2986 style-local-7121-c29 position-relative h-element\">\n                  <!---->\n                  <div class=\"h-heading__outer style-2986 style-local-7121-c29\">\n                    <!---->\n                    <!---->\n                    <h6 class=\"\">Parroquia Jesus Obrero, Linares<\/h6>\n                  <\/div>\n                <\/div>\n                <div data-colibri-component=\"video\" data-colibri-id=\"7121-c30\" class=\"d-block h-video d-block h-video style-2998 style-local-7121-c30 position-relative h-element\">\n                  <!---->\n                  <!---->\n                  <div class=\"video-container position-relative\">\n                    <div class=\"h-global-transition-all ratio-inner\"><iframe src=https:\/\/www.youtube.com\/embed\/R61uXb5E4Tw?autoplay=0&amp;mute=0&amp;modestbranding=0&amp;rel=0&amp;enablejsapi=1&amp; class='h-video-main'  allowfullscreen><\/iframe><\/div>\n                  <\/div>\n                <\/div>\n                <div data-colibri-id=\"7121-c32\" class=\"h-x-container style-2992 style-local-7121-c32 position-relative h-element\">\n                  <!---->\n                  <div class=\"h-x-container-inner style-dynamic-7121-c32-group style-2992-spacing style-local-7121-c32-spacing\"><span class=\"h-button__outer style-2993-outer style-local-7121-c33-outer d-inline-flex h-element\"><a h-use-smooth-scroll=\"true\" href=\"https:\/\/youtu.be\/R61uXb5E4Tw?si=v6rfQQ-N7Z-CAY5m\" target=\"_blank\"  data-colibri-id=\"7121-c33\" class=\"d-flex w-100 align-items-center h-button justify-content-lg-center justify-content-md-center justify-content-center style-2993 style-local-7121-c33 position-relative\"><!----><!----> <span>Saber M\u00e1s<\/span><\/a>\n                    <\/span>\n                  <\/div>\n                <\/div>\n              <\/div>\n            <\/div>\n          <\/div>\n          <div class=\"h-column h-column-container d-flex h-col-lg-auto h-col-md-auto h-col-auto style-2994-outer style-local-7121-c34-outer\">\n            <div data-colibri-id=\"7121-c34\" class=\"d-flex h-flex-basis h-column__inner h-px-lg-2 h-px-md-2 h-px-2 v-inner-lg-2 v-inner-md-2 v-inner-2 style-2994 style-local-7121-c34 position-relative\">\n              <!---->\n              <!---->\n              <div class=\"w-100 h-y-container h-column__content h-column__v-align flex-basis-100 align-self-lg-start align-self-md-start align-self-start\">\n                <!---->\n                <div data-colibri-id=\"7121-c35\" class=\"h-global-transition-all h-heading style-2986 style-local-7121-c35 position-relative h-element\">\n                  <!---->\n                  <div class=\"h-heading__outer style-2986 style-local-7121-c35\">\n                    <!---->\n                    <!---->\n                    <a href=\"https:\/\/diocesisdelinares.com\/100\/parroquia-san-francisco-parral\/\" target=\"_blank\" h-use-smooth-scroll=\"true\">\n                      <h6 class=\"\">Laura Vicu\u00f1a, Linares<\/h6>\n                    <\/a>\n                  <\/div>\n                <\/div>\n                <div data-colibri-component=\"video\" data-colibri-id=\"7121-c36\" class=\"d-block h-video d-block h-video style-3000 style-local-7121-c36 position-relative h-element\">\n                  <!---->\n                  <!---->\n                  <div class=\"video-container position-relative\">\n                    <div class=\"h-global-transition-all ratio-inner\"><iframe src=https:\/\/www.youtube.com\/embed\/3BHZ0q8WVZs?autoplay=0&amp;mute=0&amp;modestbranding=0&amp;rel=0&amp;enablejsapi=1&amp; class='h-video-main'  allowfullscreen><\/iframe><\/div>\n                  <\/div>\n                <\/div>\n                <div data-colibri-id=\"7121-c38\" class=\"h-x-container style-2996 style-local-7121-c38 position-relative h-element\">\n                  <!---->\n                  <div class=\"h-x-container-inner style-dynamic-7121-c38-group style-2996-spacing style-local-7121-c38-spacing\"><span class=\"h-button__outer style-2997-outer style-local-7121-c39-outer d-inline-flex h-element\"><a h-use-smooth-scroll=\"true\" href=\"https:\/\/youtu.be\/3BHZ0q8WVZs\" target=\"_blank\"  data-colibri-id=\"7121-c39\" class=\"d-flex w-100 align-items-center h-button justify-content-lg-center justify-content-md-center justify-content-center style-2997 style-local-7121-c39 position-relative\"><!----><!----> <span>Saber M\u00e1s<\/span><\/a>\n                    <\/span>\n                  <\/div>\n                <\/div>\n              <\/div>\n            <\/div>\n          <\/div>\n        <\/div>\n      <\/div>\n    <\/div>\n  <\/div>\n<\/div>","protected":false},"excerpt":{"rendered":"<p>Octubre 18 de 1925 &#8211; octubre 18 de 2025 Herederos de una historia, continuadores de tradici\u00f3n Nuestra S. del Carmen de Copihue Leer cursillos de cristiandad Leer El Culmen, linares Saber M\u00e1s Parroquia Jesus Obrero, Linares Saber M\u00e1s Laura Vicu\u00f1a, Linares Saber M\u00e1s<\/p>\n","protected":false},"author":1,"featured_media":0,"parent":0,"menu_order":0,"comment_status":"closed","ping_status":"closed","template":"page-templates\/full-width-page.php","meta":{"footnotes":""},"class_list":["post-7121","page","type-page","status-publish","hentry"],"_links":{"self":[{"href":"https:\/\/diocesisdelinares.com\/100\/wp-json\/wp\/v2\/pages\/7121","targetHints":{"allow":["GET"]}}],"collection":[{"href":"https:\/\/diocesisdelinares.com\/100\/wp-json\/wp\/v2\/pages"}],"about":[{"href":"https:\/\/diocesisdelinares.com\/100\/wp-json\/wp\/v2\/types\/page"}],"author":[{"embeddable":true,"href":"https:\/\/diocesisdelinares.com\/100\/wp-json\/wp\/v2\/users\/1"}],"replies":[{"embeddable":true,"href":"https:\/\/diocesisdelinares.com\/100\/wp-json\/wp\/v2\/comments?post=7121"}],"version-history":[{"count":7,"href":"https:\/\/diocesisdelinares.com\/100\/wp-json\/wp\/v2\/pages\/7121\/revisions"}],"predecessor-version":[{"id":8521,"href":"https:\/\/diocesisdelinares.com\/100\/wp-json\/wp\/v2\/pages\/7121\/revisions\/8521"}],"wp:attachment":[{"href":"https:\/\/diocesisdelinares.com\/100\/wp-json\/wp\/v2\/media?parent=7121"}],"curies":[{"name":"wp","href":"https:\/\/api.w.org\/{rel}","templated":true}]}}