{"id":3933,"date":"2022-03-29T19:49:19","date_gmt":"2022-03-29T19:49:19","guid":{"rendered":"https:\/\/diocesisdelinares.com\/100\/?page_id=3933"},"modified":"2024-07-19T15:26:28","modified_gmt":"2024-07-19T15:26:28","slug":"historicos","status":"publish","type":"page","link":"https:\/\/diocesisdelinares.com\/100\/historicos\/","title":{"rendered":"Documentos Hist\u00f3ricos Diocesanos"},"content":{"rendered":"<div data-colibri-id=\"3933-c1\" class=\"style-696 style-local-3933-c1 position-relative\">\n  <!---->\n  <div data-colibri-component=\"section\" data-colibri-id=\"3933-c2\" id=\"overlappable\" class=\"h-section h-section-global-spacing d-flex align-items-lg-center align-items-md-center align-items-center style-1243 style-local-3933-c2 position-relative\">\n    <!---->\n    <!---->\n    <div class=\"h-section-grid-container h-section-boxed-container\">\n      <!---->\n      <div data-colibri-id=\"3933-c3\" class=\"h-row-container gutters-row-lg-0 gutters-row-md-0 gutters-row-2 gutters-row-v-lg-0 gutters-row-v-md-0 gutters-row-v-2 style-1244 style-local-3933-c3 position-relative\">\n        <!---->\n        <div class=\"h-row justify-content-lg-center justify-content-md-center justify-content-center align-items-lg-stretch align-items-md-stretch align-items-stretch gutters-col-lg-0 gutters-col-md-0 gutters-col-2 gutters-col-v-lg-0 gutters-col-v-md-0 gutters-col-v-2\">\n          <!---->\n          <div class=\"h-column h-column-container d-flex h-col-lg-4 h-col-md-4 h-col-12 style-1245-outer style-local-3933-c4-outer\">\n            <div data-colibri-id=\"3933-c4\" class=\"d-flex h-flex-basis h-column__inner h-px-lg-0 h-px-md-3 h-px-2 v-inner-lg-0 v-inner-md-3 v-inner-2 style-1245 style-local-3933-c4 position-relative\">\n              <!---->\n              <!---->\n              <div class=\"w-100 h-y-container h-column__content h-column__v-align flex-basis-100 align-self-lg-start align-self-md-start align-self-start\">\n                <!---->\n                <div data-colibri-id=\"3933-c5\" class=\"h-row-container gutters-row-lg-2 gutters-row-md-2 gutters-row-0 gutters-row-v-lg-2 gutters-row-v-md-2 gutters-row-v-2 style-1246 style-local-3933-c5 position-relative\">\n                  <!---->\n                  <div class=\"h-row justify-content-lg-center justify-content-md-center justify-content-center align-items-lg-stretch align-items-md-stretch align-items-stretch gutters-col-lg-2 gutters-col-md-2 gutters-col-0 gutters-col-v-lg-2 gutters-col-v-md-2 gutters-col-v-2\">\n                    <!---->\n                    <div class=\"h-column h-column-container d-flex h-col-lg-auto h-col-md-auto h-col-auto style-1247-outer style-local-3933-c6-outer\">\n                      <div data-colibri-id=\"3933-c6\" class=\"d-flex h-flex-basis h-column__inner h-px-lg-0 h-px-md-0 h-px-0 v-inner-lg-0 v-inner-md-0 v-inner-0 style-1247 style-local-3933-c6 position-relative\">\n                        <!---->\n                        <!---->\n                        <div class=\"w-100 h-y-container h-column__content h-column__v-align flex-basis-100 align-self-lg-start align-self-md-start align-self-start\">\n                          <!---->\n                          <div data-colibri-id=\"3933-c7\" class=\"h-icon style-1248 style-local-3933-c7 position-relative h-element\">\n                            <!----><span class=\"h-svg-icon h-icon__icon style-1248-icon style-local-3933-c7-icon\"><!--Icon by Icons8 Line Awesome (https:\/\/icons8.com\/line-awesome)--><svg version=\"1.1\" xmlns=\"http:\/\/www.w3.org\/2000\/svg\" xmlns:xlink=\"http:\/\/www.w3.org\/1999\/xlink\" id=\"cubes\" viewBox=\"0 0 512 545.5\"><path d=\"M256 96l6 2.5 96 38.5 10 4v107.5l86.5 37.5 9.5 4.5v129l-8 5-96 53.5-7.5 4-7.5-3.5-89-44.5-89 44.5-7.5 3.5-7.5-4-96-53.5-8-5v-129l9.5-4.5 86.5-37.5V141l10-4 96-38.5zm0 35l-52.5 20.5L256 172l52.5-20.5zm-80 44v74l64 28.5v-78zm160 0l-64 24.5v78l64-28.5v-74zM160 277l-58 25 58 29 58-28.5zm192 0l-40 17.5-18 8 58 28.5 58-29zM80 326.5V401l64 36v-78.5zm352 0l-64 32V437l64-36v-74.5zm-192 1l-64 31V438l64-32v-78.5zm32 0V406l64 32v-79.5z\"><\/path><\/svg><\/span><\/div>\n                        <\/div>\n                      <\/div>\n                    <\/div>\n                    <div class=\"h-column h-column-container d-flex h-col-lg-auto h-col-md-auto h-col-auto style-1249-outer style-local-3933-c8-outer\">\n                      <div data-colibri-id=\"3933-c8\" class=\"d-flex h-flex-basis h-column__inner h-px-lg-0 h-px-md-0 h-px-0 v-inner-lg-0 v-inner-md-0 v-inner-0 style-1249 style-local-3933-c8 position-relative\">\n                        <!---->\n                        <!---->\n                        <div class=\"w-100 h-y-container h-column__content h-column__v-align flex-basis-100 align-self-lg-start align-self-md-start align-self-start\">\n                          <!---->\n                          <div data-colibri-id=\"3933-c9\" class=\"h-global-transition-all h-heading style-1250 style-local-3933-c9 position-relative h-element\">\n                            <!---->\n                            <div class=\"h-heading__outer style-1250 style-local-3933-c9\">\n                              <!---->\n                              <!---->\n                              <h4 class=\"\">documentos sinodales y Orientaciones pastorales<\/h4>\n                            <\/div>\n                          <\/div>\n                          <div data-colibri-id=\"3933-c10\" class=\"h-x-container style-1550 style-local-3933-c10 position-relative h-element\">\n                            <!---->\n                            <div class=\"h-x-container-inner style-dynamic-3933-c10-group style-1550-spacing style-local-3933-c10-spacing\"><span class=\"h-button__outer style-1551-outer style-local-3933-c11-outer d-inline-flex h-element\"><a h-use-smooth-scroll=\"true\" href=\"https:\/\/diocesisdelinares.com\/100\/sinodos\/\" target=\"_blank\" data-colibri-id=\"3933-c11\" class=\"d-flex w-100 align-items-center h-button justify-content-lg-center justify-content-md-center justify-content-center style-1551 style-local-3933-c11 position-relative\" rel=\"noopener\"><!----><!----> <span>Acceder a Documentos<\/span><\/a>\n                              <\/span>\n                            <\/div>\n                          <\/div>\n                          <div data-colibri-id=\"3933-c12\" class=\"h-text h-text-component style-1251 style-local-3933-c12 position-relative h-element\">\n                            <!---->\n                            <!---->\n                            <div class=\"\">\n                              <p>La Iglesia naci\u00f3 como semilla peque\u00f1a junto al Mar de Tiber\u00edades, pero cobr\u00f3 energ\u00eda y dinamismo con la fuerza del Esp\u00edritu Santo en Pentecost\u00e9s.<\/p>\n                            <\/div>\n                          <\/div>\n                        <\/div>\n                      <\/div>\n                    <\/div>\n                  <\/div>\n                <\/div>\n              <\/div>\n            <\/div>\n          <\/div>\n          <div class=\"h-column h-column-container d-flex h-col-lg-4 h-col-md-4 h-col-12 style-1245-outer style-local-3933-c13-outer\">\n            <div data-colibri-id=\"3933-c13\" class=\"d-flex h-flex-basis h-column__inner h-px-lg-0 h-px-md-3 h-px-2 v-inner-lg-0 v-inner-md-3 v-inner-2 style-1245 style-local-3933-c13 position-relative\">\n              <!---->\n              <!---->\n              <div class=\"w-100 h-y-container h-column__content h-column__v-align flex-basis-100 align-self-lg-start align-self-md-start align-self-start\">\n                <!---->\n                <div data-colibri-id=\"3933-c14\" class=\"h-row-container gutters-row-lg-2 gutters-row-md-2 gutters-row-0 gutters-row-v-lg-2 gutters-row-v-md-2 gutters-row-v-2 style-1246 style-local-3933-c14 position-relative\">\n                  <!---->\n                  <div class=\"h-row justify-content-lg-center justify-content-md-center justify-content-center align-items-lg-stretch align-items-md-stretch align-items-stretch gutters-col-lg-2 gutters-col-md-2 gutters-col-0 gutters-col-v-lg-2 gutters-col-v-md-2 gutters-col-v-2\">\n                    <!---->\n                    <div class=\"h-column h-column-container d-flex h-col-lg-auto h-col-md-auto h-col-auto style-1247-outer style-local-3933-c15-outer\">\n                      <div data-colibri-id=\"3933-c15\" class=\"d-flex h-flex-basis h-column__inner h-px-lg-0 h-px-md-0 h-px-0 v-inner-lg-0 v-inner-md-0 v-inner-0 style-1247 style-local-3933-c15 position-relative\">\n                        <!---->\n                        <!---->\n                        <div class=\"w-100 h-y-container h-column__content h-column__v-align flex-basis-100 align-self-lg-start align-self-md-start align-self-start\">\n                          <!---->\n                          <div data-colibri-id=\"3933-c16\" class=\"h-icon style-1248 style-local-3933-c16 position-relative h-element\">\n                            <!----><span class=\"h-svg-icon h-icon__icon style-1248-icon style-local-3933-c16-icon\"><!--Icon by Icons8 Line Awesome (https:\/\/icons8.com\/line-awesome)--><svg version=\"1.1\" xmlns=\"http:\/\/www.w3.org\/2000\/svg\" xmlns:xlink=\"http:\/\/www.w3.org\/1999\/xlink\" id=\"paper-plane\" viewBox=\"0 0 512 545.5\"><path d=\"M57.5 117.5L86 129l352 144 36.5 15-36.5 15L86 447l-28.5 11.5 7-30 31-140.5-31-140.5zm44.5 53L124.5 272h226zM124.5 304L102 405.5 350.5 304h-226z\"><\/path><\/svg><\/span><\/div>\n                        <\/div>\n                      <\/div>\n                    <\/div>\n                    <div class=\"h-column h-column-container d-flex h-col-lg-auto h-col-md-auto h-col-auto style-1249-outer style-local-3933-c17-outer\">\n                      <div data-colibri-id=\"3933-c17\" class=\"d-flex h-flex-basis h-column__inner h-px-lg-0 h-px-md-0 h-px-0 v-inner-lg-0 v-inner-md-0 v-inner-0 style-1249 style-local-3933-c17 position-relative\">\n                        <!---->\n                        <!---->\n                        <div class=\"w-100 h-y-container h-column__content h-column__v-align flex-basis-100 align-self-lg-start align-self-md-start align-self-start\">\n                          <!---->\n                          <div data-colibri-id=\"3933-c18\" class=\"h-global-transition-all h-heading style-1250 style-local-3933-c18 position-relative h-element\">\n                            <!---->\n                            <div class=\"h-heading__outer style-1250 style-local-3933-c18\">\n                              <!---->\n                              <!---->\n                              <h4 class=\"\">Visitas Ad Limina y Quinquenios&nbsp;<\/h4>\n                            <\/div>\n                          <\/div>\n                          <div data-colibri-id=\"3933-c19\" class=\"h-x-container style-1552 style-local-3933-c19 position-relative h-element\">\n                            <!---->\n                            <div class=\"h-x-container-inner style-dynamic-3933-c19-group style-1552-spacing style-local-3933-c19-spacing\"><span class=\"h-button__outer style-1553-outer style-local-3933-c20-outer d-inline-flex h-element\"><a h-use-smooth-scroll=\"true\" href=\"https:\/\/diocesisdelinares.com\/100\/ad-limina\/\" target=\"_blank\" data-colibri-id=\"3933-c20\" class=\"d-flex w-100 align-items-center h-button justify-content-lg-center justify-content-md-center justify-content-center style-1553 style-local-3933-c20 position-relative\" rel=\"noopener\"><!----><!----> <span>Acceder a Archivos<\/span><\/a>\n                              <\/span>\n                            <\/div>\n                          <\/div>\n                          <div data-colibri-id=\"3933-c21\" class=\"h-text h-text-component style-1251 style-local-3933-c21 position-relative h-element\">\n                            <!---->\n                            <!---->\n                            <div class=\"\">\n                              <p>Se conoce por visita ad limina apostolorum la visita que tienen que hacer los obispos del mundo a Roma para dar cumplida cuenta de sus di\u00f3cesis. El nombre viene del lat\u00edn y significa \u201clos umbrales de los Ap\u00f3stoles\u201d, refiri\u00e9ndose\n                                a los ap\u00f3stoles san Pedro y san Pablo. Uno de los objetivos&nbsp; de esta visita es mostrar entregar tambi\u00e9n cuenta de la disposici\u00f3n de las iglesias particulares de recibir consejos y advertencias y de esta manera estar\n                                estrechamente unidas a los miembros de la Iglesia Universal con su cabeza visible.<\/p>\n                            <\/div>\n                          <\/div>\n                        <\/div>\n                      <\/div>\n                    <\/div>\n                  <\/div>\n                <\/div>\n              <\/div>\n            <\/div>\n          <\/div>\n          <div class=\"h-column h-column-container d-flex h-col-lg-4 h-col-md-4 h-col-12 style-1245-outer style-local-3933-c22-outer\">\n            <div data-colibri-id=\"3933-c22\" class=\"d-flex h-flex-basis h-column__inner h-px-lg-0 h-px-md-3 h-px-2 v-inner-lg-0 v-inner-md-3 v-inner-2 style-1245 style-local-3933-c22 position-relative\">\n              <!---->\n              <!---->\n              <div class=\"w-100 h-y-container h-column__content h-column__v-align flex-basis-100 align-self-lg-start align-self-md-start align-self-start\">\n                <!---->\n                <div data-colibri-id=\"3933-c23\" class=\"h-row-container gutters-row-lg-2 gutters-row-md-2 gutters-row-0 gutters-row-v-lg-2 gutters-row-v-md-2 gutters-row-v-2 style-1246 style-local-3933-c23 position-relative\">\n                  <!---->\n                  <div class=\"h-row justify-content-lg-center justify-content-md-center justify-content-center align-items-lg-stretch align-items-md-stretch align-items-stretch gutters-col-lg-2 gutters-col-md-2 gutters-col-0 gutters-col-v-lg-2 gutters-col-v-md-2 gutters-col-v-2\">\n                    <!---->\n                    <div class=\"h-column h-column-container d-flex h-col-lg-auto h-col-md-auto h-col-auto style-1247-outer style-local-3933-c24-outer\">\n                      <div data-colibri-id=\"3933-c24\" class=\"d-flex h-flex-basis h-column__inner h-px-lg-0 h-px-md-0 h-px-0 v-inner-lg-0 v-inner-md-0 v-inner-0 style-1247 style-local-3933-c24 position-relative\">\n                        <!---->\n                        <!---->\n                        <div class=\"w-100 h-y-container h-column__content h-column__v-align flex-basis-100 align-self-lg-start align-self-md-start align-self-start\">\n                          <!---->\n                          <div data-colibri-id=\"3933-c25\" class=\"h-icon style-1248 style-local-3933-c25 position-relative h-element\">\n                            <!----><span class=\"h-svg-icon h-icon__icon style-1248-icon style-local-3933-c25-icon\"><!--Icon by Icons8 Line Awesome (https:\/\/icons8.com\/line-awesome)--><svg version=\"1.1\" xmlns=\"http:\/\/www.w3.org\/2000\/svg\" xmlns:xlink=\"http:\/\/www.w3.org\/1999\/xlink\" id=\"area-chart\" viewBox=\"0 0 512 545.5\"><path d=\"M448 97v383H64V204.5l19 4 73 14.5 91-60.5 5.5-3.5 6 1 89.5 15 74-58zm-32 65.5l-54 42-5.5 4.5-7-1-90-15-90.5 60.5-5.5 3.5-6.5-1.5-61-12V309l62 25 89-59.5 6.5-4 7.5 2.5 87.5 29 67.5-53.5v-86zm0 127l-54 43-7 5.5-8-3-88-29.5-90 60-7 4.5-8-3-58-23v104h320V289.5z\"><\/path><\/svg><\/span><\/div>\n                        <\/div>\n                      <\/div>\n                    <\/div>\n                    <div class=\"h-column h-column-container d-flex h-col-lg-auto h-col-md-auto h-col-auto style-1249-outer style-local-3933-c26-outer\">\n                      <div data-colibri-id=\"3933-c26\" class=\"d-flex h-flex-basis h-column__inner h-px-lg-0 h-px-md-0 h-px-0 v-inner-lg-0 v-inner-md-0 v-inner-0 style-1249 style-local-3933-c26 position-relative\">\n                        <!---->\n                        <!---->\n                        <div class=\"w-100 h-y-container h-column__content h-column__v-align flex-basis-100 align-self-lg-start align-self-md-start align-self-start\">\n                          <!---->\n                          <div data-colibri-id=\"3933-c27\" class=\"h-global-transition-all h-heading style-1250 style-local-3933-c27 position-relative h-element\">\n                            <!---->\n                            <div class=\"h-heading__outer style-1250 style-local-3933-c27\">\n                              <!---->\n                              <!---->\n                              <h4 class=\"\">otros documentos hist\u00f3ricos<\/h4>\n                            <\/div>\n                          <\/div>\n                          <div data-colibri-id=\"3933-c28\" class=\"h-x-container style-1554 style-local-3933-c28 position-relative h-element\">\n                            <!---->\n                            <div class=\"h-x-container-inner style-dynamic-3933-c28-group style-1554-spacing style-local-3933-c28-spacing\"><span class=\"h-button__outer style-1555-outer style-local-3933-c29-outer d-inline-flex h-element\"><a h-use-smooth-scroll=\"true\" href=\"https:\/\/diocesisdelinares.com\/100\/documentos-2\/\" target=\"_blank\" data-colibri-id=\"3933-c29\" class=\"d-flex w-100 align-items-center h-button justify-content-lg-center justify-content-md-center justify-content-center style-1555 style-local-3933-c29 position-relative\" rel=\"noopener\"><!----><!----> <span>Acceder a documentos<\/span><\/a>\n                              <\/span>\n                            <\/div>\n                          <\/div>\n                          <div data-colibri-id=\"3933-c30\" class=\"h-text h-text-component style-1251 style-local-3933-c30 position-relative h-element\">\n                            <!---->\n                            <!---->\n                            <div class=\"\">\n                              <p>Diversos Documentos Pastorales , Sociales y Administrativos con datos hist\u00f3ricos.<\/p>\n                            <\/div>\n                          <\/div>\n                        <\/div>\n                      <\/div>\n                    <\/div>\n                  <\/div>\n                <\/div>\n              <\/div>\n            <\/div>\n          <\/div>\n        <\/div>\n      <\/div>\n    <\/div>\n  <\/div>\n<\/div>","protected":false},"excerpt":{"rendered":"<p>documentos sinodales y Orientaciones pastorales Acceder a Documentos La Iglesia naci\u00f3 como semilla peque\u00f1a junto al Mar de Tiber\u00edades, pero cobr\u00f3 energ\u00eda y dinamismo con la fuerza del Esp\u00edritu Santo en Pentecost\u00e9s. Visitas Ad Limina y Quinquenios&nbsp; Acceder a Archivos Se conoce por visita ad limina apostolorum la visita que tienen que hacer los obispos [&hellip;]<\/p>\n","protected":false},"author":1,"featured_media":0,"parent":0,"menu_order":0,"comment_status":"closed","ping_status":"closed","template":"page-templates\/full-width-page.php","meta":{"footnotes":""},"class_list":["post-3933","page","type-page","status-publish","hentry"],"_links":{"self":[{"href":"https:\/\/diocesisdelinares.com\/100\/wp-json\/wp\/v2\/pages\/3933","targetHints":{"allow":["GET"]}}],"collection":[{"href":"https:\/\/diocesisdelinares.com\/100\/wp-json\/wp\/v2\/pages"}],"about":[{"href":"https:\/\/diocesisdelinares.com\/100\/wp-json\/wp\/v2\/types\/page"}],"author":[{"embeddable":true,"href":"https:\/\/diocesisdelinares.com\/100\/wp-json\/wp\/v2\/users\/1"}],"replies":[{"embeddable":true,"href":"https:\/\/diocesisdelinares.com\/100\/wp-json\/wp\/v2\/comments?post=3933"}],"version-history":[{"count":18,"href":"https:\/\/diocesisdelinares.com\/100\/wp-json\/wp\/v2\/pages\/3933\/revisions"}],"predecessor-version":[{"id":7780,"href":"https:\/\/diocesisdelinares.com\/100\/wp-json\/wp\/v2\/pages\/3933\/revisions\/7780"}],"wp:attachment":[{"href":"https:\/\/diocesisdelinares.com\/100\/wp-json\/wp\/v2\/media?parent=3933"}],"curies":[{"name":"wp","href":"https:\/\/api.w.org\/{rel}","templated":true}]}}